{"id":106,"date":"2017-12-06T14:10:13","date_gmt":"2017-12-06T13:10:13","guid":{"rendered":"http:\/\/votre-hypno.com\/?page_id=106"},"modified":"2022-02-26T08:51:49","modified_gmt":"2022-02-26T07:51:49","slug":"devenez-non-fumeur","status":"publish","type":"page","link":"https:\/\/votre-hypno.com\/index.php\/votre-objectif\/devenez-non-fumeur\/","title":{"rendered":"Fatigu\u00e9 de fumer?"},"content":{"rendered":"<p><img loading=\"lazy\" class=\"size-full wp-image-107 alignleft\" src=\"http:\/\/votre-hypno.com\/wp-content\/uploads\/2017\/12\/arret-tabac.jpg\" alt=\"\" width=\"180\" height=\"180\" srcset=\"https:\/\/votre-hypno.com\/wp-content\/uploads\/2017\/12\/arret-tabac.jpg 180w, https:\/\/votre-hypno.com\/wp-content\/uploads\/2017\/12\/arret-tabac-150x150.jpg 150w\" sizes=\"(max-width: 180px) 100vw, 180px\" \/><\/p>\n<p style=\"text-align: justify;\"><strong>Vous \u00eates vous, d\u00e9j\u00e0 pos\u00e9 ces 2 questions :<\/strong><\/p>\n<ul>\n<li>Comment en suis-je arriv\u00e9 \u00e0 cet esclavage ?<\/li>\n<li>Comment, moi le \u00ab\u00a0rebelle\u00a0\u00bb, j&rsquo;ai pu me m\u00e9tamorphoser en robot servile oblig\u00e9 d&rsquo;aller acheter, tous les matins, une plante \u00e0 300 euro le kilo, en essayant d&rsquo;oublier que cette plante \u00a0a 1 chance sur 2 de me tuer ?<\/li>\n<\/ul>\n<p><strong>Souvenez vous&#8230; cette histoire devrait vous rappeler quelque chose\u2026<\/strong><\/p>\n<p>Il y a longtemps, alors que vous d\u00e9ambuliez entre 2 mondes, \u00e0 mi-chemin entre l&rsquo;enfance et l&rsquo;\u00e2ge adulte, vous avez un jour d\u00e9couvert un pont suspendu, un peu vermoulu comme dans les films d\u2019aventuriers. Celui ci semblait vous mener vers une \u00eele embrum\u00e9e dont les autochtones, par leurs \u00a0attitudes et leur discours, vous semblaient tr\u00e8s attirants car, comme beaucoup d&rsquo;ados, vous n&rsquo;\u00e9tiez pas vraiment bien dans votre peau et peut \u00eatre \u00e0 la recherche de nouvelles valeurs\u2026 C&rsquo;est pourquoi vous avez pris votre courage \u00e0 deux mains afin de franchir, non sans mal, ce passage initiatique. Souvenez vous de ces toux, ces naus\u00e9es, ces vertiges d\u00e9sagr\u00e9ables, des premi\u00e8res cigarettes. Rappelez vous, ce n&rsquo;\u00e9tait pas une partie de plaisir ! Rejoindre le monde des fumeurs exige des sacrifices&#8230;<\/p>\n<p>C\u2019est au moment pr\u00e9cis o\u00f9 vous vous \u00eates engag\u00e9 sur ce pont vermoulu, vers cette \u00eele des fumeurs que vous \u00eates tomb\u00e9s dans le pi\u00e8ge de la cigarette&#8230; C&rsquo;est \u00e0 ce moment pr\u00e9cis que votre inconscient a mis en place une croyance, selon laquelle la cigarette vous apportait quelque chose de b\u00e9n\u00e9fique&#8230; Depuis vous y avez laiss\u00e9 un capital \u00e9norme : en argent, mais plus grave encore : en sant\u00e9 ! Et en libert\u00e9, bien s\u00fbr.<\/p>\n<p><iframe loading=\"lazy\" src=\"https:\/\/www.youtube.com\/embed\/P7vttio-bds\" width=\"560\" height=\"315\" frameborder=\"0\" allowfullscreen=\"allowfullscreen\"><\/iframe><\/p>\n<p><a href=\"http:\/\/votre-hypno.com\/index.php\/contact\/\"><img loading=\"lazy\" class=\"aligncenter size-full wp-image-564\" src=\"http:\/\/votre-hypno.com\/wp-content\/uploads\/2018\/01\/bouton-contact.jpg\" alt=\"\" width=\"200\" height=\"43\" \/><\/a><\/p>\n","protected":false},"excerpt":{"rendered":"<p>Vous \u00eates vous, d\u00e9j\u00e0 pos\u00e9 ces 2 questions : Comment en suis-je arriv\u00e9 \u00e0 cet esclavage ? Comment, moi le \u00ab\u00a0rebelle\u00a0\u00bb, j&rsquo;ai pu me m\u00e9tamorphoser en robot servile oblig\u00e9 d&rsquo;aller acheter, tous les matins, une plante \u00e0 300 euro le kilo, en essayant d&rsquo;oublier que cette plante \u00a0a 1 chance sur 2 de me tuer [&hellip;]<\/p>\n","protected":false},"author":3,"featured_media":0,"parent":39,"menu_order":0,"comment_status":"closed","ping_status":"closed","template":"","meta":[],"_links":{"self":[{"href":"https:\/\/votre-hypno.com\/index.php\/wp-json\/wp\/v2\/pages\/106"}],"collection":[{"href":"https:\/\/votre-hypno.com\/index.php\/wp-json\/wp\/v2\/pages"}],"about":[{"href":"https:\/\/votre-hypno.com\/index.php\/wp-json\/wp\/v2\/types\/page"}],"author":[{"embeddable":true,"href":"https:\/\/votre-hypno.com\/index.php\/wp-json\/wp\/v2\/users\/3"}],"replies":[{"embeddable":true,"href":"https:\/\/votre-hypno.com\/index.php\/wp-json\/wp\/v2\/comments?post=106"}],"version-history":[{"count":14,"href":"https:\/\/votre-hypno.com\/index.php\/wp-json\/wp\/v2\/pages\/106\/revisions"}],"predecessor-version":[{"id":923,"href":"https:\/\/votre-hypno.com\/index.php\/wp-json\/wp\/v2\/pages\/106\/revisions\/923"}],"up":[{"embeddable":true,"href":"https:\/\/votre-hypno.com\/index.php\/wp-json\/wp\/v2\/pages\/39"}],"wp:attachment":[{"href":"https:\/\/votre-hypno.com\/index.php\/wp-json\/wp\/v2\/media?parent=106"}],"curies":[{"name":"wp","href":"https:\/\/api.w.org\/{rel}","templated":true}]}}