{"id":254,"date":"2018-01-04T01:05:15","date_gmt":"2018-01-04T00:05:15","guid":{"rendered":"http:\/\/votre-hypno.com\/?page_id=254"},"modified":"2023-10-24T11:29:10","modified_gmt":"2023-10-24T09:29:10","slug":"honoraires","status":"publish","type":"page","link":"https:\/\/votre-hypno.com\/index.php\/info-pratiques\/honoraires\/","title":{"rendered":"Honoraires"},"content":{"rendered":"<p>\u00a0<\/p>\n<p>Les\u00a0 honoraires de base sont\u00a0 de <strong>77,00 \u20acuros<\/strong> la s\u00e9ance\u00a0 au cabinet: une s\u00e9ance dure , en g\u00e9n\u00e9ral de 1h \u00e0 1h30<\/p>\n<p>Pour une s\u00e9ance \u00e0 domicile pr\u00e9voir, en compl\u00e9ment,\u00a0 un forfait de d\u00e9placement de <strong>17 \u20acuros<\/strong>.<\/p>\n<p>Le cabinet est <strong>ouvert du lundi au samed<\/strong>i, sur rendez-vous.<\/p>\n<p>En cas de n\u00e9cessit\u00e9, une s\u00e9ance peut \u00eatre programm\u00e9e\u00a0 un dimanche ou un jour f\u00e9ri\u00e9.<\/p>\n<p>Suivant votre objectif, nous \u00e9tablirons ensemble votre programme qui peut comporter plusieurs s\u00e9ances .<\/p>\n<h2>Forfait sp\u00e9cial<\/h2>\n<h4>Programme arr\u00eat du tabac: RE<strong>DEVENIR NON FUMEUR<\/strong><\/h4>\n<p><img loading=\"lazy\" class=\"alignleft size-thumbnail wp-image-458\" src=\"http:\/\/votre-hypno.com\/wp-content\/uploads\/2018\/02\/menotte-150x150.jpg\" alt=\"\" width=\"150\" height=\"150\" \/>Il s&rsquo;agit d&rsquo;un <strong>protocole particulier<\/strong> de deux s\u00e9ances \u00e0 1 semaine d&rsquo;intervalle:<\/p>\n<ul>\n<li>une premi\u00e8re s\u00e9ance d&rsquo;environ 3h\/3h30,\u00a0<\/li>\n<li>et une semaine plus tard, une deuxi\u00e8me s\u00e9ance d&rsquo;environ 2h\/2h30 ,<\/li>\n<\/ul>\n<p>soit au total 6\/7 heures, qui font l&rsquo;objet d&rsquo;honoraires forfaitaires <strong>\u00a0de 297 \u20acuros<\/strong>, (soit une remise de <strong>22 %<\/strong> sur une facturation au temps pass\u00e9). En cas de forte d\u00e9pendance, si une troisi\u00e8me s\u00e9ance devait s\u2019av\u00e9rer n\u00e9cessaire, <strong>cette s\u00e9ance sera offerte.<\/strong><\/p>\n<p>\u00a0<\/p>\n<p style=\"text-align: left;\"><strong>QUELQUES PR\u00c9CISIONS\u00a0AVANT DE\u00a0PRENDRE RENDEZ-VOUS<img loading=\"lazy\" class=\"alignright size-medium wp-image-797\" src=\"http:\/\/votre-hypno.com\/wp-content\/uploads\/2019\/08\/rdv-300x215.jpg\" alt=\"\" width=\"300\" height=\"215\" srcset=\"https:\/\/votre-hypno.com\/wp-content\/uploads\/2019\/08\/rdv-300x215.jpg 300w, https:\/\/votre-hypno.com\/wp-content\/uploads\/2019\/08\/rdv.jpg 746w\" sizes=\"(max-width: 300px) 100vw, 300px\" \/><\/strong><\/p>\n<p>\u00a0<\/p>\n<p>Les r\u00e9sultats, en fonction de votre objectif, sont susceptibles de varier d&rsquo;une personne \u00e0 l&rsquo;autre : tout se fera en fonction de votre propre motivation et de votre propre investissement personnel.<\/p>\n<p>Plusieurs s\u00e9ances peuvent \u00eatre n\u00e9cessaires pour atteindre vos objectifs et l\u2019intervalle entre\u00a0elles peut varier.<\/p>\n<p>Les r\u00e9sultats varient selon votre motivation et votre implication durant les s\u00e9ances: la coh\u00e9sion d&rsquo;\u00e9quipe \u00a0est la base indispensable \u00e0 nos \u00e9changes.<\/p>\n<p>L&rsquo;hypnose est un compl\u00e9ment, elle ne\u00a0peut en aucun cas se substituer \u00e0 aucun avis ou\u00a0traitement m\u00e9dical et\u00a0ne vous dispense aucunement\u00a0de consulter un professionnel de sant\u00e9.\u00a0<\/p>\n<p>\u200bToute demande\u00a0relevant du domaine m\u00e9dical est donc \u00e0 voir avec votre\u00a0m\u00e9decin traitant ou un sp\u00e9cialiste.<\/p>\n<p>\u200bDurant l&rsquo;\u00e9change pr\u00e9alable \u00e0 la th\u00e9rapie, vous pourrez toujours choisir de modifier l&rsquo;objectif de la s\u00e9ance.<\/p>\n<p>Respect et confidentialit\u00e9 sont de mise, aussi, pour votre discr\u00e9tion, volontairement, le cabinet ne dispose pas de salle d&rsquo;attente, aussi les consultations se font exclusivement sur rendez-vous<\/p>\n<p>\u00a0<\/p>\n<p>Conform\u00e9ment aux articles L.616-1 et R.616-1 du code de la consommation, nous proposons un dispositif de m\u00e9diation de la consommation. L&rsquo;entit\u00e9 de m\u00e9diation retenue est : CNPM &#8211; MEDIATION DE LA CONSOMMATION. En cas de litige, vous pouvez d\u00e9poser votre r\u00e9clamation sur son site : https:\/\/cnpm-mediation-consommation.eu ou par voie postale en \u00e9crivant \u00e0 CNPM &#8211; MEDIATION &#8211; CONSOMMATION &#8211; 27 avenue de la lib\u00e9ration &#8211; 42400 Saint-Chamond<\/p>\n<p>\u00a0<\/p>\n<p><a href=\"http:\/\/votre-hypno.com\/index.php\/contact\/\"><img loading=\"lazy\" class=\"aligncenter size-full wp-image-564\" src=\"http:\/\/votre-hypno.com\/wp-content\/uploads\/2018\/01\/bouton-contact.jpg\" alt=\"\" width=\"200\" height=\"43\" \/><\/a><\/p>\n<h2>\u00a0<\/h2>\n<h2>MODALIT\u00c9S DE PAIEMENT<\/h2>\n<p>Les s\u00e9ances sont r\u00e9gl\u00e9es comptant :<\/p>\n<p>en esp\u00e8ces, ou par ch\u00e8que<\/p>\n<p><img loading=\"lazy\" class=\"alignnone size-medium wp-image-862\" src=\"https:\/\/votre-hypno.com\/wp-content\/uploads\/2019\/12\/NGH-International-Member-Logo2-295x300.png\" alt=\"\" width=\"295\" height=\"300\" srcset=\"https:\/\/votre-hypno.com\/wp-content\/uploads\/2019\/12\/NGH-International-Member-Logo2-295x300.png 295w, https:\/\/votre-hypno.com\/wp-content\/uploads\/2019\/12\/NGH-International-Member-Logo2.png 492w\" sizes=\"(max-width: 295px) 100vw, 295px\" \/><\/p>\n<p>\u00a0<\/p>\n\n\n<p><\/p>\n","protected":false},"excerpt":{"rendered":"<p>\u00a0 Les\u00a0 honoraires de base sont\u00a0 de 77,00 \u20acuros la s\u00e9ance\u00a0 au cabinet: une s\u00e9ance dure , en g\u00e9n\u00e9ral de 1h \u00e0 1h30 Pour une s\u00e9ance \u00e0 domicile pr\u00e9voir, en compl\u00e9ment,\u00a0 un forfait de d\u00e9placement de 17 \u20acuros. Le cabinet est ouvert du lundi au samedi, sur rendez-vous. En cas de n\u00e9cessit\u00e9, une s\u00e9ance peut [&hellip;]<\/p>\n","protected":false},"author":3,"featured_media":0,"parent":38,"menu_order":0,"comment_status":"closed","ping_status":"closed","template":"","meta":[],"_links":{"self":[{"href":"https:\/\/votre-hypno.com\/index.php\/wp-json\/wp\/v2\/pages\/254"}],"collection":[{"href":"https:\/\/votre-hypno.com\/index.php\/wp-json\/wp\/v2\/pages"}],"about":[{"href":"https:\/\/votre-hypno.com\/index.php\/wp-json\/wp\/v2\/types\/page"}],"author":[{"embeddable":true,"href":"https:\/\/votre-hypno.com\/index.php\/wp-json\/wp\/v2\/users\/3"}],"replies":[{"embeddable":true,"href":"https:\/\/votre-hypno.com\/index.php\/wp-json\/wp\/v2\/comments?post=254"}],"version-history":[{"count":32,"href":"https:\/\/votre-hypno.com\/index.php\/wp-json\/wp\/v2\/pages\/254\/revisions"}],"predecessor-version":[{"id":929,"href":"https:\/\/votre-hypno.com\/index.php\/wp-json\/wp\/v2\/pages\/254\/revisions\/929"}],"up":[{"embeddable":true,"href":"https:\/\/votre-hypno.com\/index.php\/wp-json\/wp\/v2\/pages\/38"}],"wp:attachment":[{"href":"https:\/\/votre-hypno.com\/index.php\/wp-json\/wp\/v2\/media?parent=254"}],"curies":[{"name":"wp","href":"https:\/\/api.w.org\/{rel}","templated":true}]}}