{"id":34,"date":"2017-12-05T21:38:36","date_gmt":"2017-12-05T20:38:36","guid":{"rendered":"http:\/\/votre-hypno.com\/?page_id=34"},"modified":"2020-01-15T16:35:34","modified_gmt":"2020-01-15T15:35:34","slug":"lhypnose","status":"publish","type":"page","link":"https:\/\/votre-hypno.com\/index.php\/lhypnose\/","title":{"rendered":"L&rsquo;hypnose"},"content":{"rendered":"<p>L&rsquo;hypnose est un \u00e9tat naturel, c&rsquo;est un \u00e9tat focalis\u00e9 de l&rsquo;attention qui vous fait perdre le contact avec votre environnement, le sujet de votre attention devenant alors votre unique r\u00e9alit\u00e9.<\/p>\n<p>Cet \u00e9tat se nomme l&rsquo;<strong>ECM<\/strong>: <strong>E<\/strong>tat de <strong>C<\/strong>onscience <strong>M<\/strong>odifi\u00e9, par opposition \u00e0 l&rsquo;<strong>E<\/strong>tat <b>de C<\/b>onscience <b>O<\/b>rdinaire: l&rsquo;<strong>ECO<\/strong>.<\/p>\n<p>Il existe diff\u00e9rentes formes d&rsquo;hypnose:<\/p>\n<ul>\n<li>Hypnose classique ou de spectacle<\/li>\n<li>Hypnose de rue ou street hypnose, hypnose rapide<\/li>\n<li>Hypnose magn\u00e9tique<\/li>\n<li>Nouvelle Hypnose<\/li>\n<li>Hypnose humaniste<\/li>\n<li>Hypnose conversationnelle<\/li>\n<li>Hypnose ericksonienne, dite aussi hypnose th\u00e9rapeutique<\/li>\n<\/ul>\n<p>L&rsquo;\u00e9tat d&rsquo;hypnose n&rsquo;a aucune similitude avec le sommeil: en \u00e9tat d&rsquo;hypnose, \u00a0en transe, le sujet ne dort pas il entend tout ce qui se passe autour de lui.<\/p>\n<p>L&rsquo;\u00e9tat d&rsquo;hypnose est un \u00e9tat naturel que l&rsquo;hypno-praticien va provoquer ou plus simplement amplifier. Cette facult\u00e9 naturelle permet \u00e0 tout un chacun de pouvoir \u00eatre sous hypnose et de profiter des bienfaits de cette technique.<\/p>\n<p><a href=\"http:\/\/votre-hypno.com\/index.php\/contact\/\"><img loading=\"lazy\" class=\"aligncenter size-full wp-image-564\" src=\"http:\/\/votre-hypno.com\/wp-content\/uploads\/2018\/01\/bouton-contact.jpg\" alt=\"\" width=\"200\" height=\"43\" \/><\/a><\/p>\n\n\n<p><\/p>\n","protected":false},"excerpt":{"rendered":"<p>L&rsquo;hypnose est un \u00e9tat naturel, c&rsquo;est un \u00e9tat focalis\u00e9 de l&rsquo;attention qui vous fait perdre le contact avec votre environnement, le sujet de votre attention devenant alors votre unique r\u00e9alit\u00e9. Cet \u00e9tat se nomme l&rsquo;ECM: Etat de Conscience Modifi\u00e9, par opposition \u00e0 l&rsquo;Etat de Conscience Ordinaire: l&rsquo;ECO. Il existe diff\u00e9rentes formes d&rsquo;hypnose: Hypnose classique ou [&hellip;]<\/p>\n","protected":false},"author":3,"featured_media":0,"parent":0,"menu_order":0,"comment_status":"closed","ping_status":"closed","template":"","meta":[],"_links":{"self":[{"href":"https:\/\/votre-hypno.com\/index.php\/wp-json\/wp\/v2\/pages\/34"}],"collection":[{"href":"https:\/\/votre-hypno.com\/index.php\/wp-json\/wp\/v2\/pages"}],"about":[{"href":"https:\/\/votre-hypno.com\/index.php\/wp-json\/wp\/v2\/types\/page"}],"author":[{"embeddable":true,"href":"https:\/\/votre-hypno.com\/index.php\/wp-json\/wp\/v2\/users\/3"}],"replies":[{"embeddable":true,"href":"https:\/\/votre-hypno.com\/index.php\/wp-json\/wp\/v2\/comments?post=34"}],"version-history":[{"count":10,"href":"https:\/\/votre-hypno.com\/index.php\/wp-json\/wp\/v2\/pages\/34\/revisions"}],"predecessor-version":[{"id":882,"href":"https:\/\/votre-hypno.com\/index.php\/wp-json\/wp\/v2\/pages\/34\/revisions\/882"}],"wp:attachment":[{"href":"https:\/\/votre-hypno.com\/index.php\/wp-json\/wp\/v2\/media?parent=34"}],"curies":[{"name":"wp","href":"https:\/\/api.w.org\/{rel}","templated":true}]}}