{"id":354,"date":"2018-01-06T18:15:14","date_gmt":"2018-01-06T17:15:14","guid":{"rendered":"http:\/\/votre-hypno.com\/?page_id=354"},"modified":"2019-08-11T18:08:45","modified_gmt":"2019-08-11T16:08:45","slug":"confiance-en-soi","status":"publish","type":"page","link":"https:\/\/votre-hypno.com\/index.php\/votre-objectif\/confiance-en-soi\/","title":{"rendered":"Confiance en soi"},"content":{"rendered":"<p style=\"text-align: justify;\"><img loading=\"lazy\" class=\"alignright size-medium wp-image-355\" src=\"http:\/\/votre-hypno.com\/wp-content\/uploads\/2018\/01\/confiance-300x201.jpg\" alt=\"\" width=\"300\" height=\"201\" srcset=\"https:\/\/votre-hypno.com\/wp-content\/uploads\/2018\/01\/confiance-300x201.jpg 300w, https:\/\/votre-hypno.com\/wp-content\/uploads\/2018\/01\/confiance-768x514.jpg 768w, https:\/\/votre-hypno.com\/wp-content\/uploads\/2018\/01\/confiance-1024x685.jpg 1024w\" sizes=\"(max-width: 300px) 100vw, 300px\" \/>La restauration de la confiance en soi est l&rsquo;un des r\u00e9sultats les plus faciles \u00e0 obtenir avec l&rsquo;hypnose.<\/p>\n<p style=\"text-align: justify;\">Une s\u00e9ance compl\u00e8te de renforcement du moi, convenablement men\u00e9e avec un travail bien sp\u00e9cifique&nbsp;avec&nbsp;le consultant, avec des outils appropri\u00e9s \u00e0 chaque cas particulier, se montrera d&rsquo;une valeur inestimable dans le traitement de cette question.<\/p>\n<p style=\"text-align: justify;\">Apr\u00e8s un travail par l&rsquo;hypnose, le consultant se sentira plus relax\u00e9 et moins tendu chaque jour, surtout en pr\u00e9sence d&rsquo;autres personnes, que ce soit \u00e0 titre professionnel ou personnel. Le consultant pourra se sentir sur un pied d&rsquo;\u00e9galit\u00e9, sans ressentir ni embarras ni confusion: il retrouvera son assurance familiale, sociale, professionnelle .<\/p>\n<p><a href=\"http:\/\/votre-hypno.com\/index.php\/contact\/\"><img loading=\"lazy\" class=\"aligncenter size-full wp-image-564\" src=\"http:\/\/votre-hypno.com\/wp-content\/uploads\/2018\/01\/bouton-contact.jpg\" alt=\"\" width=\"200\" height=\"43\"><\/a><\/p>\n","protected":false},"excerpt":{"rendered":"<p>La restauration de la confiance en soi est l&rsquo;un des r\u00e9sultats les plus faciles \u00e0 obtenir avec l&rsquo;hypnose. Une s\u00e9ance compl\u00e8te de renforcement du moi, convenablement men\u00e9e avec un travail bien sp\u00e9cifique&nbsp;avec&nbsp;le consultant, avec des outils appropri\u00e9s \u00e0 chaque cas particulier, se montrera d&rsquo;une valeur inestimable dans le traitement de cette question. Apr\u00e8s un travail [&hellip;]<\/p>\n","protected":false},"author":3,"featured_media":0,"parent":39,"menu_order":0,"comment_status":"closed","ping_status":"closed","template":"template-twocolumnsleft.php","meta":[],"_links":{"self":[{"href":"https:\/\/votre-hypno.com\/index.php\/wp-json\/wp\/v2\/pages\/354"}],"collection":[{"href":"https:\/\/votre-hypno.com\/index.php\/wp-json\/wp\/v2\/pages"}],"about":[{"href":"https:\/\/votre-hypno.com\/index.php\/wp-json\/wp\/v2\/types\/page"}],"author":[{"embeddable":true,"href":"https:\/\/votre-hypno.com\/index.php\/wp-json\/wp\/v2\/users\/3"}],"replies":[{"embeddable":true,"href":"https:\/\/votre-hypno.com\/index.php\/wp-json\/wp\/v2\/comments?post=354"}],"version-history":[{"count":3,"href":"https:\/\/votre-hypno.com\/index.php\/wp-json\/wp\/v2\/pages\/354\/revisions"}],"predecessor-version":[{"id":793,"href":"https:\/\/votre-hypno.com\/index.php\/wp-json\/wp\/v2\/pages\/354\/revisions\/793"}],"up":[{"embeddable":true,"href":"https:\/\/votre-hypno.com\/index.php\/wp-json\/wp\/v2\/pages\/39"}],"wp:attachment":[{"href":"https:\/\/votre-hypno.com\/index.php\/wp-json\/wp\/v2\/media?parent=354"}],"curies":[{"name":"wp","href":"https:\/\/api.w.org\/{rel}","templated":true}]}}