{"id":357,"date":"2018-01-06T18:34:51","date_gmt":"2018-01-06T17:34:51","guid":{"rendered":"http:\/\/votre-hypno.com\/?page_id=357"},"modified":"2019-08-11T18:10:44","modified_gmt":"2019-08-11T16:10:44","slug":"trouble-du-sommeil","status":"publish","type":"page","link":"https:\/\/votre-hypno.com\/index.php\/votre-objectif\/trouble-du-sommeil\/","title":{"rendered":"Trouble du sommeil"},"content":{"rendered":"<p style=\"text-align: justify;\"><img loading=\"lazy\" class=\"alignright size-medium wp-image-358\" src=\"http:\/\/votre-hypno.com\/wp-content\/uploads\/2018\/01\/sommeil-300x200.jpg\" alt=\"\" width=\"300\" height=\"200\" srcset=\"https:\/\/votre-hypno.com\/wp-content\/uploads\/2018\/01\/sommeil-300x200.jpg 300w, https:\/\/votre-hypno.com\/wp-content\/uploads\/2018\/01\/sommeil.jpg 700w\" sizes=\"(max-width: 300px) 100vw, 300px\" \/>L&rsquo;esprit inconscient \u00e0 le souvenir de toutes les choses que l&rsquo;on fait, y compris la fa\u00e7on de dormir: c&rsquo;est ainsi qu&rsquo;il a le souvenir d&rsquo;un bon sommeil de qualit\u00e9, mais \u00e9galement le souvenir d&rsquo;un sommeil perturb\u00e9.<\/p>\n<p style=\"text-align: justify;\">Apr\u00e8s le recueil des ant\u00e9c\u00e9dents et l\u2019\u00e9valuation, L&rsquo;hypnose, avec une orientation vers un \u00e9tat de relaxation et de r\u00eaverie, va permettre de focaliser le souvenir de l&rsquo;inconscient pour qu&rsquo;il revoit la fa\u00e7on de dormir du consultant, et surtout de focaliser sur le souvenir d&rsquo;un sommeil de qualit\u00e9, profond, sans interruption tout au long de la nuit, afin de se r\u00e9veiller le matin repos\u00e9, calme et serein.<\/p>\n<p><a href=\"http:\/\/votre-hypno.com\/index.php\/contact\/\"><img loading=\"lazy\" class=\"aligncenter size-full wp-image-564\" src=\"http:\/\/votre-hypno.com\/wp-content\/uploads\/2018\/01\/bouton-contact.jpg\" alt=\"\" width=\"200\" height=\"43\"><\/a><\/p>\n","protected":false},"excerpt":{"rendered":"<p>L&rsquo;esprit inconscient \u00e0 le souvenir de toutes les choses que l&rsquo;on fait, y compris la fa\u00e7on de dormir: c&rsquo;est ainsi qu&rsquo;il a le souvenir d&rsquo;un bon sommeil de qualit\u00e9, mais \u00e9galement le souvenir d&rsquo;un sommeil perturb\u00e9. Apr\u00e8s le recueil des ant\u00e9c\u00e9dents et l\u2019\u00e9valuation, L&rsquo;hypnose, avec une orientation vers un \u00e9tat de relaxation et de r\u00eaverie, [&hellip;]<\/p>\n","protected":false},"author":3,"featured_media":0,"parent":39,"menu_order":0,"comment_status":"closed","ping_status":"closed","template":"template-twocolumnsleft.php","meta":[],"_links":{"self":[{"href":"https:\/\/votre-hypno.com\/index.php\/wp-json\/wp\/v2\/pages\/357"}],"collection":[{"href":"https:\/\/votre-hypno.com\/index.php\/wp-json\/wp\/v2\/pages"}],"about":[{"href":"https:\/\/votre-hypno.com\/index.php\/wp-json\/wp\/v2\/types\/page"}],"author":[{"embeddable":true,"href":"https:\/\/votre-hypno.com\/index.php\/wp-json\/wp\/v2\/users\/3"}],"replies":[{"embeddable":true,"href":"https:\/\/votre-hypno.com\/index.php\/wp-json\/wp\/v2\/comments?post=357"}],"version-history":[{"count":3,"href":"https:\/\/votre-hypno.com\/index.php\/wp-json\/wp\/v2\/pages\/357\/revisions"}],"predecessor-version":[{"id":796,"href":"https:\/\/votre-hypno.com\/index.php\/wp-json\/wp\/v2\/pages\/357\/revisions\/796"}],"up":[{"embeddable":true,"href":"https:\/\/votre-hypno.com\/index.php\/wp-json\/wp\/v2\/pages\/39"}],"wp:attachment":[{"href":"https:\/\/votre-hypno.com\/index.php\/wp-json\/wp\/v2\/media?parent=357"}],"curies":[{"name":"wp","href":"https:\/\/api.w.org\/{rel}","templated":true}]}}