{"id":364,"date":"2018-01-06T18:46:08","date_gmt":"2018-01-06T17:46:08","guid":{"rendered":"http:\/\/votre-hypno.com\/?page_id=364"},"modified":"2019-08-11T18:08:26","modified_gmt":"2019-08-11T16:08:26","slug":"anxiete","status":"publish","type":"page","link":"https:\/\/votre-hypno.com\/index.php\/votre-objectif\/anxiete\/","title":{"rendered":"Anxi\u00e9t\u00e9"},"content":{"rendered":"<p style=\"background: white; margin: 6pt 0cm; text-align: justify;\"><span style=\"font-size: 10.5pt; font-family: Arial, sans-serif; color: #000000;\">L\u2019<b>anxi\u00e9t\u00e9<\/b>&nbsp;est un \u00e9tat&nbsp;<a style=\"color: #000000;\" title=\"Psychologie\" href=\"https:\/\/fr.wikipedia.org\/wiki\/Psychologie\"><span style=\"text-decoration: none;\">psychologique<\/span><\/a>&nbsp;et&nbsp;<a style=\"color: #000000;\" title=\"Physiologie\" href=\"https:\/\/fr.wikipedia.org\/wiki\/Physiologie\"><span style=\"text-decoration: none;\">physiologique<\/span><\/a>, un trouble \u00e9motionnel se traduisant par un sentiment ind\u00e9finissable d&rsquo;ins\u00e9curit\u00e9,.<\/span><\/p>\n<p style=\"background: white; line-height: inherit; font-variant-ligatures: normal; font-variant-caps: normal; orphans: 2; text-align: justify; widows: 2; -webkit-text-stroke-width: 0px; word-spacing: 0px; margin: 6pt 0cm;\"><span style=\"font-size: 10.5pt; font-family: Arial, sans-serif; color: #000000;\">Qu&rsquo;il y ait pr\u00e9sence ou non de stress psychologique, l&rsquo;anxi\u00e9t\u00e9 peut cr\u00e9er des sentiments de&nbsp;<a style=\"color: #000000;\" title=\"Peur\" href=\"https:\/\/fr.wikipedia.org\/wiki\/Peur\"><span style=\"text-decoration: none;\">peur<\/span><\/a>, d&rsquo;inqui\u00e9tude, de crainte&#8230; On consid\u00e8re g\u00e9n\u00e9ralement l&rsquo;anxi\u00e9t\u00e9 comme une r\u00e9action \u00ab\u00a0<a style=\"color: #000000;\" title=\"Normalit\u00e9 (comportement)\" href=\"https:\/\/fr.wikipedia.org\/wiki\/Normalit%C3%A9_(comportement)\"><span style=\"text-decoration: none;\">normale<\/span><\/a>\u00a0\u00bb dans une situation&nbsp;<a style=\"color: #000000;\" title=\"Stress\" href=\"https:\/\/fr.wikipedia.org\/wiki\/Stress\"><span style=\"text-decoration: none;\">stressante<\/span><\/a>. Quand elle devient excessive, l&rsquo;anxi\u00e9t\u00e9 e peut \u00eatre classifi\u00e9e sous la d\u00e9nomination de \u00ab\u00a0<a style=\"color: #000000;\" title=\"Trouble de l'anxi\u00e9t\u00e9\" href=\"https:\/\/fr.wikipedia.org\/wiki\/Trouble_de_l%27anxi%C3%A9t%C3%A9\"><span style=\"text-decoration: none;\">trouble de l&rsquo;anxi\u00e9t\u00e9<\/span><\/a>\u00ab\u00a0. <\/span><\/p>\n<p style=\"background: white; margin: 6pt 0cm; text-align: justify;\"><span style=\"font-size: 10.5pt; font-family: Arial, sans-serif; color: #000000;\">De nombreuses pistes sont \u00e0 explorer quant \u00e0 l&rsquo;anxi\u00e9t\u00e9, comme par exemple, les jeux de comp\u00e9tition dans sa propre famille, o\u00f9 les choses sont tellement destructrices et embrouill\u00e9es que toute le monde est en comp\u00e9tition, et personne ne gagne: il conviendra alors, peut-\u00eatre de quitter le jeu, de refuser de jouer, au leu de chercher l&rsquo;approbation des autres: passant par la voie de l&rsquo;inconscient , l&rsquo;hypnose propose divers protocoles: le travail du praticien avec le consultant<\/span><\/p>\n<p style=\"background: white; margin: 6pt 0cm; text-align: justify;\"><span style=\"font-size: 10.5pt; font-family: Arial, sans-serif; color: #000000;\">permettra \u00e0 celui-l\u00e0, d&rsquo;adapter le protocole au cas particulier qui lui est soumis: chaque consultant est unique.<\/span><\/p>\n<p><a href=\"http:\/\/votre-hypno.com\/index.php\/contact\/\"><img loading=\"lazy\" class=\"aligncenter size-full wp-image-564\" src=\"http:\/\/votre-hypno.com\/wp-content\/uploads\/2018\/01\/bouton-contact.jpg\" alt=\"\" width=\"200\" height=\"43\"><\/a><\/p>\n<p><img loading=\"lazy\" class=\"aligncenter size-full wp-image-365\" src=\"http:\/\/votre-hypno.com\/wp-content\/uploads\/2018\/01\/anxiete.png\" alt=\"\" width=\"814\" height=\"813\" srcset=\"https:\/\/votre-hypno.com\/wp-content\/uploads\/2018\/01\/anxiete.png 814w, https:\/\/votre-hypno.com\/wp-content\/uploads\/2018\/01\/anxiete-150x150.png 150w, https:\/\/votre-hypno.com\/wp-content\/uploads\/2018\/01\/anxiete-300x300.png 300w, https:\/\/votre-hypno.com\/wp-content\/uploads\/2018\/01\/anxiete-768x767.png 768w\" sizes=\"(max-width: 814px) 100vw, 814px\" \/><\/p>\n\n\n<p><\/p>\n","protected":false},"excerpt":{"rendered":"<p>L\u2019anxi\u00e9t\u00e9&nbsp;est un \u00e9tat&nbsp;psychologique&nbsp;et&nbsp;physiologique, un trouble \u00e9motionnel se traduisant par un sentiment ind\u00e9finissable d&rsquo;ins\u00e9curit\u00e9,. Qu&rsquo;il y ait pr\u00e9sence ou non de stress psychologique, l&rsquo;anxi\u00e9t\u00e9 peut cr\u00e9er des sentiments de&nbsp;peur, d&rsquo;inqui\u00e9tude, de crainte&#8230; On consid\u00e8re g\u00e9n\u00e9ralement l&rsquo;anxi\u00e9t\u00e9 comme une r\u00e9action \u00ab\u00a0normale\u00a0\u00bb dans une situation&nbsp;stressante. Quand elle devient excessive, l&rsquo;anxi\u00e9t\u00e9 e peut \u00eatre classifi\u00e9e sous la d\u00e9nomination de [&hellip;]<\/p>\n","protected":false},"author":3,"featured_media":0,"parent":39,"menu_order":0,"comment_status":"closed","ping_status":"closed","template":"template-twocolumnsleft.php","meta":[],"_links":{"self":[{"href":"https:\/\/votre-hypno.com\/index.php\/wp-json\/wp\/v2\/pages\/364"}],"collection":[{"href":"https:\/\/votre-hypno.com\/index.php\/wp-json\/wp\/v2\/pages"}],"about":[{"href":"https:\/\/votre-hypno.com\/index.php\/wp-json\/wp\/v2\/types\/page"}],"author":[{"embeddable":true,"href":"https:\/\/votre-hypno.com\/index.php\/wp-json\/wp\/v2\/users\/3"}],"replies":[{"embeddable":true,"href":"https:\/\/votre-hypno.com\/index.php\/wp-json\/wp\/v2\/comments?post=364"}],"version-history":[{"count":4,"href":"https:\/\/votre-hypno.com\/index.php\/wp-json\/wp\/v2\/pages\/364\/revisions"}],"predecessor-version":[{"id":792,"href":"https:\/\/votre-hypno.com\/index.php\/wp-json\/wp\/v2\/pages\/364\/revisions\/792"}],"up":[{"embeddable":true,"href":"https:\/\/votre-hypno.com\/index.php\/wp-json\/wp\/v2\/pages\/39"}],"wp:attachment":[{"href":"https:\/\/votre-hypno.com\/index.php\/wp-json\/wp\/v2\/media?parent=364"}],"curies":[{"name":"wp","href":"https:\/\/api.w.org\/{rel}","templated":true}]}}