{"id":38,"date":"2017-12-05T21:38:36","date_gmt":"2017-12-05T20:38:36","guid":{"rendered":"http:\/\/votre-hypno.com\/?page_id=38"},"modified":"2020-01-31T12:18:39","modified_gmt":"2020-01-31T11:18:39","slug":"info-pratiques","status":"publish","type":"page","link":"https:\/\/votre-hypno.com\/index.php\/info-pratiques\/","title":{"rendered":"Info Pratiques"},"content":{"rendered":"<p><iframe loading=\"lazy\" style=\"border: 0;\" src=\"https:\/\/www.google.com\/maps\/embed?pb=!1m18!1m12!1m3!1d2794.892067846827!2d5.610528514940768!3d45.53237747910186!2m3!1f0!2f0!3f0!3m2!1i1024!2i768!4f13.1!3m3!1m2!1s0x478b1c046e37f475%3A0xc53158decfed2854!2sCentre+d'Hypnose+du+Dauphin%C3%A9!5e0!3m2!1sfr!2sfr!4v1515055017629\" width=\"600\" height=\"450\" frameborder=\"0\" allowfullscreen=\"allowfullscreen\"><span data-mce-type=\"bookmark\" style=\"display: inline-block; width: 0px; overflow: hidden; line-height: 0;\" class=\"mce_SELRES_start\">\ufeff<\/span><\/iframe><\/p>\n<p>Le centre d&rsquo;hypnose du Dauphin\u00e9 est situ\u00e9 \u00e0:<img loading=\"lazy\" class=\"alignright size-medium wp-image-339\" src=\"http:\/\/votre-hypno.com\/wp-content\/uploads\/2018\/01\/plaque-pro-300x225.jpg\" alt=\"\" width=\"300\" height=\"225\" srcset=\"https:\/\/votre-hypno.com\/wp-content\/uploads\/2018\/01\/plaque-pro-300x225.jpg 300w, https:\/\/votre-hypno.com\/wp-content\/uploads\/2018\/01\/plaque-pro-768x576.jpg 768w, https:\/\/votre-hypno.com\/wp-content\/uploads\/2018\/01\/plaque-pro-1024x768.jpg 1024w\" sizes=\"(max-width: 300px) 100vw, 300px\" \/><\/p>\n<p>2 minutes\u00a0 des Abrets en Dauphin\u00e9<\/p>\n<p>5 minutes de Pont de Beauvoisin<\/p>\n<p>8 minutes de saint Andr\u00e9 le Gaz<\/p>\n<p>9 minutes d&rsquo;Aoste<\/p>\n<p>14 minutes de la Tour du Pin<\/p>\n<p>22 minutes de Morestel<\/p>\n<p>29 minutes de\u00a0 Bougoin Jallieu<\/p>\n<p>30 minutes de Voiron<\/p>\n<p>35 minutes de Chamb\u00e9ry<\/p>\n<p>55 minutes de Lyon<\/p>\n<p><img loading=\"lazy\" class=\"size-medium wp-image-862 aligncenter\" src=\"https:\/\/votre-hypno.com\/wp-content\/uploads\/2019\/12\/NGH-International-Member-Logo2-295x300.png\" alt=\"\" width=\"295\" height=\"300\" srcset=\"https:\/\/votre-hypno.com\/wp-content\/uploads\/2019\/12\/NGH-International-Member-Logo2-295x300.png 295w, https:\/\/votre-hypno.com\/wp-content\/uploads\/2019\/12\/NGH-International-Member-Logo2.png 492w\" sizes=\"(max-width: 295px) 100vw, 295px\" \/><\/p>\n<p><a href=\"http:\/\/votre-hypno.com\/index.php\/contact\/\"><img loading=\"lazy\" class=\"aligncenter size-full wp-image-564\" src=\"http:\/\/votre-hypno.com\/wp-content\/uploads\/2018\/01\/bouton-contact.jpg\" alt=\"\" width=\"200\" height=\"43\" \/><\/a><\/p>\n","protected":false},"excerpt":{"rendered":"<p>\ufeff Le centre d&rsquo;hypnose du Dauphin\u00e9 est situ\u00e9 \u00e0: 2 minutes\u00a0 des Abrets en Dauphin\u00e9 5 minutes de Pont de Beauvoisin 8 minutes de saint Andr\u00e9 le Gaz 9 minutes d&rsquo;Aoste 14 minutes de la Tour du Pin 22 minutes de Morestel 29 minutes de\u00a0 Bougoin Jallieu 30 minutes de Voiron 35 minutes de Chamb\u00e9ry [&hellip;]<\/p>\n","protected":false},"author":3,"featured_media":0,"parent":0,"menu_order":0,"comment_status":"closed","ping_status":"closed","template":"","meta":[],"_links":{"self":[{"href":"https:\/\/votre-hypno.com\/index.php\/wp-json\/wp\/v2\/pages\/38"}],"collection":[{"href":"https:\/\/votre-hypno.com\/index.php\/wp-json\/wp\/v2\/pages"}],"about":[{"href":"https:\/\/votre-hypno.com\/index.php\/wp-json\/wp\/v2\/types\/page"}],"author":[{"embeddable":true,"href":"https:\/\/votre-hypno.com\/index.php\/wp-json\/wp\/v2\/users\/3"}],"replies":[{"embeddable":true,"href":"https:\/\/votre-hypno.com\/index.php\/wp-json\/wp\/v2\/comments?post=38"}],"version-history":[{"count":8,"href":"https:\/\/votre-hypno.com\/index.php\/wp-json\/wp\/v2\/pages\/38\/revisions"}],"predecessor-version":[{"id":893,"href":"https:\/\/votre-hypno.com\/index.php\/wp-json\/wp\/v2\/pages\/38\/revisions\/893"}],"wp:attachment":[{"href":"https:\/\/votre-hypno.com\/index.php\/wp-json\/wp\/v2\/media?parent=38"}],"curies":[{"name":"wp","href":"https:\/\/api.w.org\/{rel}","templated":true}]}}