{"id":432,"date":"2018-02-20T17:10:40","date_gmt":"2018-02-20T16:10:40","guid":{"rendered":"http:\/\/votre-hypno.com\/?page_id=432"},"modified":"2019-12-21T21:32:16","modified_gmt":"2019-12-21T20:32:16","slug":"itineraire","status":"publish","type":"page","link":"https:\/\/votre-hypno.com\/index.php\/info-pratiques\/itineraire\/","title":{"rendered":"Pour venir au cabinet"},"content":{"rendered":"<p>Pr\u00e9parez votre itin\u00e9raire pour venir au Centre.<iframe loading=\"lazy\" style=\"border: 0;\" src=\"https:\/\/www.google.com\/maps\/embed?pb=!1m18!1m12!1m3!1d2794.891881101999!2d5.610528514999989!3d45.53238123691337!2m3!1f0!2f0!3f0!3m2!1i1024!2i768!4f13.1!3m3!1m2!1s0x478b1c046e37f475%3A0xc53158decfed2854!2sCentre+d'Hypnose+du+Dauphin%C3%A9!5e0!3m2!1sfr!2sfr!4v1517076338099\" width=\"1100\" height=\"710\" frameborder=\"0\" allowfullscreen=\"allowfullscreen\"><span data-mce-type=\"bookmark\" style=\"display: inline-block; width: 0px; overflow: hidden; line-height: 0;\" class=\"mce_SELRES_start\">\ufeff<\/span><\/iframe><\/p>\n<p>Le cabinet est situ\u00e9<br \/>\n<strong>1155 La Voie Romaine<\/strong><br \/>\n<strong>38480 PRESSINS<\/strong><\/p>\n<p><strong>T\u00e9l 06 51 57 89 72<\/strong><\/p>\n<p><strong>Mail: contact@votre-hypno.com<img loading=\"lazy\" class=\"size-medium wp-image-666 alignright\" src=\"http:\/\/votre-hypno.com\/wp-content\/uploads\/2019\/05\/plaque-pro-300x225.jpg\" alt=\"\" width=\"300\" height=\"225\" srcset=\"https:\/\/votre-hypno.com\/wp-content\/uploads\/2019\/05\/plaque-pro-300x225.jpg 300w, https:\/\/votre-hypno.com\/wp-content\/uploads\/2019\/05\/plaque-pro-768x576.jpg 768w, https:\/\/votre-hypno.com\/wp-content\/uploads\/2019\/05\/plaque-pro-1024x768.jpg 1024w\" sizes=\"(max-width: 300px) 100vw, 300px\" \/><\/strong><\/p>\n<p>A 50 minutes de Grenoble<br \/>\n30 minutes de Chamb\u00e9ry<br \/>\n30 minutes de Bougoin Jallieu<br \/>\n25 minutes de Voiron<br \/>\n20 minutes de Morestel<br \/>\n14 minutes de la Tour du Pin<br \/>\n9 minutes d\u2019Aoste<br \/>\n8 minutes de Saint Andr\u00e9 le Gaz<br \/>\n5 minutes de Pont de Beauvoisin<br \/>\n2 minutes des Abrets en Dauphin\u00e9<\/p>\n<p><img loading=\"lazy\" class=\"size-medium wp-image-862 aligncenter\" src=\"https:\/\/votre-hypno.com\/wp-content\/uploads\/2019\/12\/NGH-International-Member-Logo2-295x300.png\" alt=\"\" width=\"295\" height=\"300\" srcset=\"https:\/\/votre-hypno.com\/wp-content\/uploads\/2019\/12\/NGH-International-Member-Logo2-295x300.png 295w, https:\/\/votre-hypno.com\/wp-content\/uploads\/2019\/12\/NGH-International-Member-Logo2.png 492w\" sizes=\"(max-width: 295px) 100vw, 295px\" \/><\/p>\n<p><a href=\"http:\/\/votre-hypno.com\/index.php\/contact\/\"><img loading=\"lazy\" class=\"aligncenter size-full wp-image-564\" src=\"http:\/\/votre-hypno.com\/wp-content\/uploads\/2018\/01\/bouton-contact.jpg\" alt=\"\" width=\"200\" height=\"43\" \/><\/a><\/p>\n","protected":false},"excerpt":{"rendered":"<p>Pr\u00e9parez votre itin\u00e9raire pour venir au Centre.\ufeff Le cabinet est situ\u00e9 1155 La Voie Romaine 38480 PRESSINS T\u00e9l 06 51 57 89 72 Mail: contact@votre-hypno.com A 50 minutes de Grenoble 30 minutes de Chamb\u00e9ry 30 minutes de Bougoin Jallieu 25 minutes de Voiron 20 minutes de Morestel 14 minutes de la Tour du Pin 9 [&hellip;]<\/p>\n","protected":false},"author":3,"featured_media":0,"parent":38,"menu_order":0,"comment_status":"closed","ping_status":"closed","template":"","meta":[],"_links":{"self":[{"href":"https:\/\/votre-hypno.com\/index.php\/wp-json\/wp\/v2\/pages\/432"}],"collection":[{"href":"https:\/\/votre-hypno.com\/index.php\/wp-json\/wp\/v2\/pages"}],"about":[{"href":"https:\/\/votre-hypno.com\/index.php\/wp-json\/wp\/v2\/types\/page"}],"author":[{"embeddable":true,"href":"https:\/\/votre-hypno.com\/index.php\/wp-json\/wp\/v2\/users\/3"}],"replies":[{"embeddable":true,"href":"https:\/\/votre-hypno.com\/index.php\/wp-json\/wp\/v2\/comments?post=432"}],"version-history":[{"count":16,"href":"https:\/\/votre-hypno.com\/index.php\/wp-json\/wp\/v2\/pages\/432\/revisions"}],"predecessor-version":[{"id":867,"href":"https:\/\/votre-hypno.com\/index.php\/wp-json\/wp\/v2\/pages\/432\/revisions\/867"}],"up":[{"embeddable":true,"href":"https:\/\/votre-hypno.com\/index.php\/wp-json\/wp\/v2\/pages\/38"}],"wp:attachment":[{"href":"https:\/\/votre-hypno.com\/index.php\/wp-json\/wp\/v2\/media?parent=432"}],"curies":[{"name":"wp","href":"https:\/\/api.w.org\/{rel}","templated":true}]}}