{"id":7,"date":"2017-12-05T20:48:41","date_gmt":"2017-12-05T19:48:41","guid":{"rendered":"http:\/\/votre-hypno.com\/?page_id=7"},"modified":"2022-02-18T14:42:30","modified_gmt":"2022-02-18T13:42:30","slug":"accueil","status":"publish","type":"page","link":"https:\/\/votre-hypno.com\/","title":{"rendered":"Accueil"},"content":{"rendered":"<p><span style=\"color: #000000;\">Bienvenue sur le site d&rsquo;Hypnose du Dauphin\u00e9.<\/span><\/p>\n<p><strong><img loading=\"lazy\" class=\"alignleft size-full wp-image-99\" src=\"http:\/\/votre-hypno.com\/wp-content\/uploads\/2017\/12\/caricature-jp.jpg\" alt=\"\" width=\"184\" height=\"219\" \/><\/strong><\/p>\n<h4 style=\"text-align: center;\">L&rsquo;hypnose pour votre mieux \u00eatre<\/h4>\n<h4 style=\"text-align: center;\">L&rsquo;hypnose pour atteindre vos objectifs<\/h4>\n<h4 style=\"text-align: center;\">Quand vous n&rsquo;arrivez pas \u00e0 changer consciemment&#8230;<\/h4>\n<h4 style=\"text-align: center;\">Avec l&rsquo;hypnose,\u00a0<strong>laissez faire votre inconscient &#8230;<\/strong><\/h4>\n<p>Chacun est confront\u00e9 \u00e0 un pass\u00e9, \u00e0 des exp\u00e9riences qui ont pu engendrer et alimenter \u00a0des peurs, voire des comportements \u00e0 priori irrationnels, et ce \u00e0 un niveau plus ou moins \u00e9lev\u00e9, dont on peut\u00a0 avoir envie de se lib\u00e9rer : addictions, notamment au tabac, phobies, stress, col\u00e8re, soucis comportementaux\u2026 etc.<\/p>\n<p>Nombreux sont ceux qui, consciemment, savent<strong>\u00a0 <\/strong>qu\u2019ils ont, par exemple, \u00a0envie d\u2019arr\u00eater de fumer: force est de constater que cette volont\u00e9 consciente ne suffit pas toujours.<\/p>\n<p>En \u00e9tat naturel d&rsquo; hypnose, dans cet \u00e9tat de conscience modifi\u00e9, on peut avoir acc\u00e8s aux connaissances de l&rsquo;inconscient et ainsi se lib\u00e9rer d&rsquo;\u00e9motions enfouies qui emp\u00eachent de solutionner un probl\u00e8me.<\/p>\n<p>Mon travail d&rsquo;hypnologue consiste ainsi \u00e0 vous guider vers cet \u00e9tat naturel qu&rsquo;est l&rsquo;hypnose pour retrouver confiance et estime de soi, pour faire le point sur une situation personnelle, familiale ou professionnelle.<\/p>\n<p><img loading=\"lazy\" class=\"alignright size-medium wp-image-165\" src=\"http:\/\/votre-hypno.com\/wp-content\/uploads\/2017\/12\/objectif-300x300.jpg\" alt=\"\" width=\"300\" height=\"300\" srcset=\"https:\/\/votre-hypno.com\/wp-content\/uploads\/2017\/12\/objectif-300x300.jpg 300w, https:\/\/votre-hypno.com\/wp-content\/uploads\/2017\/12\/objectif-150x150.jpg 150w, https:\/\/votre-hypno.com\/wp-content\/uploads\/2017\/12\/objectif-768x768.jpg 768w, https:\/\/votre-hypno.com\/wp-content\/uploads\/2017\/12\/objectif-1024x1024.jpg 1024w, https:\/\/votre-hypno.com\/wp-content\/uploads\/2017\/12\/objectif.jpg 1600w\" sizes=\"(max-width: 300px) 100vw, 300px\" \/>C\u2019est <strong>vous<\/strong> qui d\u00e9finissez un objectif que nous atteindrons ensemble, en toute\u00a0<strong>s\u00e9curit\u00e9<\/strong>, sur la base d\u2019une\u00a0<strong>confiance<\/strong>\u00a0mutuelle, d&rsquo;une <strong>bienveillance<\/strong> et d&rsquo;une <strong>\u00e9thique<\/strong> dans \u00a0le <strong>respect<\/strong> de votre<strong>\u00a0identit\u00e9.<\/strong><\/p>\n<p>L&rsquo;hypnose est un \u00e9tat naturel, que chacun vit au quotidien sans s&rsquo;en rendre compte: le r\u00f4le de l&rsquo;hypnologue est de vous guider vers cet \u00e9tat naturel modifi\u00e9 de conscience.<\/p>\n<p>Pour ce faire j&rsquo;utilise, notamment,l&rsquo; hypnose ericksonienne: cette\u00a0 technique\u00a0 permet de remonter \u00e0 la source d\u2019un fait , consciemment ou inconsciemment, l&rsquo;objectif \u00e9tant \u00a0d\u2019\u00e9liminer l\u2019\u00e9motion li\u00e9e \u00e0 ce fait et ainsi de se lib\u00e9rer des cons\u00e9quences de celui-ci.<\/p>\n<p>Je suis certifi\u00e9 \u00a0par \u00ab\u00a0National Guild of Hypnotists (NGH)\u00a0\u00bb qui est la plus ancienne association pour la promotion et la d\u00e9fense de l&rsquo;hypnose th\u00e9rapeutique au monde.<\/p>\n<p>L&rsquo;association, qui a \u00e9t\u00e9 fond\u00e9e en 1951, forte de plus de 18000 membres r\u00e9partis dans 89 pays, s&rsquo;impose comme l&rsquo;organisme de r\u00e9f\u00e9rence dans son domaine.<\/p>\n<p>NGH \u0153uvre activement \u00a0dans la formation, l&rsquo;information et le d\u00e9veloppement de la pratique de l&rsquo;hypnose.<\/p>\n<p>Ses membres r\u00e9pondent donc ainsi \u00e0 ses tr\u00e8s stricts standards de formation, d&rsquo;\u00e9thique et de pratique.<\/p>\n<p>Si j&rsquo;ai souhait\u00e9 faire valider mes acquis par la NGH, c&rsquo;est parce que dans la jungle des pratiques et des praticiens, parfois sortis de nulle part, j&rsquo;ai obtenu cette certification\u00a0 de NGH, car il est pour moi fondamental de vous offrir des points de rep\u00e8res fiables, vous permettant de faire librement le meilleur choix, en connaissance de cause<\/p>\n<p><img loading=\"lazy\" class=\"size-medium wp-image-862 aligncenter\" src=\"https:\/\/votre-hypno.com\/wp-content\/uploads\/2019\/12\/NGH-International-Member-Logo2-295x300.png\" alt=\"\" width=\"295\" height=\"300\" srcset=\"https:\/\/votre-hypno.com\/wp-content\/uploads\/2019\/12\/NGH-International-Member-Logo2-295x300.png 295w, https:\/\/votre-hypno.com\/wp-content\/uploads\/2019\/12\/NGH-International-Member-Logo2.png 492w\" sizes=\"(max-width: 295px) 100vw, 295px\" \/><\/p>\n<p><a href=\"http:\/\/votre-hypno.com\/index.php\/contact\/\"><img loading=\"lazy\" class=\"aligncenter size-full wp-image-564\" src=\"http:\/\/votre-hypno.com\/wp-content\/uploads\/2018\/01\/bouton-contact.jpg\" alt=\"\" width=\"200\" height=\"43\" \/><\/a><\/p>\n","protected":false},"excerpt":{"rendered":"<p>Bienvenue sur le site d&rsquo;Hypnose du Dauphin\u00e9. L&rsquo;hypnose pour votre mieux \u00eatre L&rsquo;hypnose pour atteindre vos objectifs Quand vous n&rsquo;arrivez pas \u00e0 changer consciemment&#8230; Avec l&rsquo;hypnose,\u00a0laissez faire votre inconscient &#8230; Chacun est confront\u00e9 \u00e0 un pass\u00e9, \u00e0 des exp\u00e9riences qui ont pu engendrer et alimenter \u00a0des peurs, voire des comportements \u00e0 priori irrationnels, et ce [&hellip;]<\/p>\n","protected":false},"author":3,"featured_media":0,"parent":0,"menu_order":0,"comment_status":"closed","ping_status":"closed","template":"","meta":[],"_links":{"self":[{"href":"https:\/\/votre-hypno.com\/index.php\/wp-json\/wp\/v2\/pages\/7"}],"collection":[{"href":"https:\/\/votre-hypno.com\/index.php\/wp-json\/wp\/v2\/pages"}],"about":[{"href":"https:\/\/votre-hypno.com\/index.php\/wp-json\/wp\/v2\/types\/page"}],"author":[{"embeddable":true,"href":"https:\/\/votre-hypno.com\/index.php\/wp-json\/wp\/v2\/users\/3"}],"replies":[{"embeddable":true,"href":"https:\/\/votre-hypno.com\/index.php\/wp-json\/wp\/v2\/comments?post=7"}],"version-history":[{"count":26,"href":"https:\/\/votre-hypno.com\/index.php\/wp-json\/wp\/v2\/pages\/7\/revisions"}],"predecessor-version":[{"id":919,"href":"https:\/\/votre-hypno.com\/index.php\/wp-json\/wp\/v2\/pages\/7\/revisions\/919"}],"wp:attachment":[{"href":"https:\/\/votre-hypno.com\/index.php\/wp-json\/wp\/v2\/media?parent=7"}],"curies":[{"name":"wp","href":"https:\/\/api.w.org\/{rel}","templated":true}]}}