{"id":87,"date":"2017-12-06T11:11:07","date_gmt":"2017-12-06T10:11:07","guid":{"rendered":"http:\/\/votre-hypno.com\/?page_id=87"},"modified":"2019-05-13T21:13:43","modified_gmt":"2019-05-13T19:13:43","slug":"lhypnose-ericksonienne","status":"publish","type":"page","link":"https:\/\/votre-hypno.com\/index.php\/lhypnose\/lhypnose-ericksonienne\/","title":{"rendered":"L&rsquo;hypnose Ericksonienne"},"content":{"rendered":"<p><img loading=\"lazy\" class=\"alignleft size-medium wp-image-88\" src=\"http:\/\/votre-hypno.com\/wp-content\/uploads\/2017\/12\/milton-erickson-hypnose-220x300.jpg\" alt=\"\" width=\"220\" height=\"300\" srcset=\"https:\/\/votre-hypno.com\/wp-content\/uploads\/2017\/12\/milton-erickson-hypnose-220x300.jpg 220w, https:\/\/votre-hypno.com\/wp-content\/uploads\/2017\/12\/milton-erickson-hypnose-768x1047.jpg 768w, https:\/\/votre-hypno.com\/wp-content\/uploads\/2017\/12\/milton-erickson-hypnose-751x1024.jpg 751w, https:\/\/votre-hypno.com\/wp-content\/uploads\/2017\/12\/milton-erickson-hypnose.jpg 939w\" sizes=\"(max-width: 220px) 100vw, 220px\" \/>Milton Erickson (1901-1980), est un psychiatre et psychologue am\u00e9ricain, qui a d\u00e9velopp\u00e9 une\u00a0<strong>h<\/strong>ypnose moins stricte ou dirigiste que l&rsquo;hypnose classique, plus indirecte et\u00a0bienveillante vis \u00e0 vis de ses patients.<\/p>\n<p>Il a ainsi donn\u00e9 naissance \u00e0 une nouvelle forme d&rsquo;hypnose, d\u00e9nomm\u00e9e tout naturellement hypnose Ericksonienne.<\/p>\n<p>Milton Erilckson a mis en \u00e9vidence l&rsquo;importance \u00a0de l&rsquo;inconscient, c&rsquo;est ce dernier qui va mener \u00e0 l&rsquo;objectif: l&rsquo;hypno praticien est alors un guide n&rsquo;intervenant pas dans la fa\u00e7on dont le sujet va r\u00e9pondre \u00e0 sa ou ses probl\u00e9matiques.<\/p>\n<p>Les ma\u00eetres mots de l&rsquo;hypnose Ericksonienne sont respect et \u00a0bienveillance.<\/p>\n<p>Milton Erickson donne une d\u00e9finition\u00a0 tr\u00e8s simple de l&rsquo;insconscient:<\/p>\n<p style=\"text-align: center;\"><strong>\u00ab\u00a0L&rsquo;inconscient est tout ce qui n&rsquo;est pas conscient\u00a0\u00bb<img loading=\"lazy\" class=\"alignright size-medium wp-image-89\" src=\"http:\/\/votre-hypno.com\/wp-content\/uploads\/2017\/12\/milton-erickson-300x196.jpg\" alt=\"\" width=\"300\" height=\"196\" srcset=\"https:\/\/votre-hypno.com\/wp-content\/uploads\/2017\/12\/milton-erickson-300x196.jpg 300w, https:\/\/votre-hypno.com\/wp-content\/uploads\/2017\/12\/milton-erickson.jpg 460w\" sizes=\"(max-width: 300px) 100vw, 300px\" \/><\/strong><\/p>\n<p>Milton Erickson disait : \u00ab\u00a0En hypnose, vous cessez d\u2019utiliser votre esprit conscient, en hypnose, vous commencez \u00e0 utiliser votre esprit inconscient. Parce que, inconsciemment, vous en savez autant et m\u00eame bien plus que ce que vous savez consciemment .\u00a0\u00bb<\/p>\n<p>Les ma\u00eetres mots de l&rsquo;hypnose Ericksonienne sont respect et \u00a0bienveillance.<\/p>\n<p><a href=\"http:\/\/votre-hypno.com\/index.php\/contact\/\"><img loading=\"lazy\" class=\"aligncenter size-full wp-image-564\" src=\"http:\/\/votre-hypno.com\/wp-content\/uploads\/2018\/01\/bouton-contact.jpg\" alt=\"\" width=\"200\" height=\"43\" \/><\/a><\/p>\n","protected":false},"excerpt":{"rendered":"<p>Milton Erickson (1901-1980), est un psychiatre et psychologue am\u00e9ricain, qui a d\u00e9velopp\u00e9 une\u00a0hypnose moins stricte ou dirigiste que l&rsquo;hypnose classique, plus indirecte et\u00a0bienveillante vis \u00e0 vis de ses patients. Il a ainsi donn\u00e9 naissance \u00e0 une nouvelle forme d&rsquo;hypnose, d\u00e9nomm\u00e9e tout naturellement hypnose Ericksonienne. Milton Erilckson a mis en \u00e9vidence l&rsquo;importance \u00a0de l&rsquo;inconscient, c&rsquo;est ce [&hellip;]<\/p>\n","protected":false},"author":3,"featured_media":0,"parent":34,"menu_order":0,"comment_status":"closed","ping_status":"closed","template":"","meta":[],"_links":{"self":[{"href":"https:\/\/votre-hypno.com\/index.php\/wp-json\/wp\/v2\/pages\/87"}],"collection":[{"href":"https:\/\/votre-hypno.com\/index.php\/wp-json\/wp\/v2\/pages"}],"about":[{"href":"https:\/\/votre-hypno.com\/index.php\/wp-json\/wp\/v2\/types\/page"}],"author":[{"embeddable":true,"href":"https:\/\/votre-hypno.com\/index.php\/wp-json\/wp\/v2\/users\/3"}],"replies":[{"embeddable":true,"href":"https:\/\/votre-hypno.com\/index.php\/wp-json\/wp\/v2\/comments?post=87"}],"version-history":[{"count":2,"href":"https:\/\/votre-hypno.com\/index.php\/wp-json\/wp\/v2\/pages\/87\/revisions"}],"predecessor-version":[{"id":686,"href":"https:\/\/votre-hypno.com\/index.php\/wp-json\/wp\/v2\/pages\/87\/revisions\/686"}],"up":[{"embeddable":true,"href":"https:\/\/votre-hypno.com\/index.php\/wp-json\/wp\/v2\/pages\/34"}],"wp:attachment":[{"href":"https:\/\/votre-hypno.com\/index.php\/wp-json\/wp\/v2\/media?parent=87"}],"curies":[{"name":"wp","href":"https:\/\/api.w.org\/{rel}","templated":true}]}}