{"id":97,"date":"2017-12-06T12:25:36","date_gmt":"2017-12-06T11:25:36","guid":{"rendered":"http:\/\/votre-hypno.com\/?page_id=97"},"modified":"2020-01-31T12:11:10","modified_gmt":"2020-01-31T11:11:10","slug":"qui-suis-je","status":"publish","type":"page","link":"https:\/\/votre-hypno.com\/index.php\/qui-suis-je\/","title":{"rendered":"Qui suis-je?"},"content":{"rendered":"<p style=\"text-align: justify;\"><img loading=\"lazy\" class=\"alignnone size-full wp-image-879\" src=\"https:\/\/votre-hypno.com\/wp-content\/uploads\/2020\/01\/caricature-jp.jpg\" alt=\"\" width=\"184\" height=\"219\" \/>Bonjour,\u00a0heureux de vous accueillir <strong>Ici et Maintenant.<\/strong><\/p>\n<p style=\"text-align: justify;\">Je suis Jean Paul L\u00ea, et j&rsquo;anime le Cabinet d&rsquo;Hypnose du Dauphin\u00e9.<\/p>\n<p style=\"text-align: justify;\">De formation technique et commerciale en \u00e9cole ce commerce j&rsquo;effectue un parcours professionnel aux multiples facettes dans des domaines d&rsquo;activit\u00e9 aussi divers que vari\u00e9s avec une constante: la pratique et la transmission des techniques de communication inter-personnelle.<\/p>\n<p style=\"text-align: justify;\">Form\u00e9 \u00e0 l&rsquo;analyse transactionnelle, \u00e0 l&rsquo;Ecole de Palo Alto, \u00e0 la Programmation Neuro Linguistique (PNL), c&rsquo;est tout naturellement que je me suis int\u00e9ress\u00e9 \u00e0 Milton Erickson, dont les travaux ont largement inspir\u00e9s Richard Bandler et John Grinder\u00a0 pour aboutir \u00e0 la PNL.<\/p>\n<p style=\"text-align: justify;\">C&rsquo;est ainsi que je me suis donc form\u00e9 aux techniques de l&rsquo;hypnose, et ma formation \u00e0 \u00e9t\u00e9 valid\u00e9e par THE NATIONAL GUILD OF HYPONOSTISTS.<img loading=\"lazy\" class=\"alignnone size-medium wp-image-888\" src=\"https:\/\/votre-hypno.com\/wp-content\/uploads\/2020\/01\/certification-ngh-300x234.jpg\" alt=\"\" width=\"300\" height=\"234\" srcset=\"https:\/\/votre-hypno.com\/wp-content\/uploads\/2020\/01\/certification-ngh-300x234.jpg 300w, https:\/\/votre-hypno.com\/wp-content\/uploads\/2020\/01\/certification-ngh-768x599.jpg 768w, https:\/\/votre-hypno.com\/wp-content\/uploads\/2020\/01\/certification-ngh-1024x798.jpg 1024w, https:\/\/votre-hypno.com\/wp-content\/uploads\/2020\/01\/certification-ngh.jpg 1298w\" sizes=\"(max-width: 300px) 100vw, 300px\" \/><\/p>\n<p style=\"text-align: justify;\">En qualit\u00e9 d&rsquo;ancien professeur de l&rsquo;enseignement sup\u00e9rieur en \u00e9coles de commerce et \u00e0 l&rsquo;universit\u00e9, notamment dans le domaine de la communication, comprendre le fonctionnement de l&rsquo;inconscient a toujours \u00e9t\u00e9 un objectif.<\/p>\n<p style=\"text-align: justify;\">Chaque mot, chaque expression, chaque attitude n&rsquo;est que le reflet d&rsquo;une mani\u00e8re de penser, entra\u00eenant un comportement donn\u00e9.<\/p>\n<p style=\"text-align: justify;\">L&rsquo;inconscient r\u00e9pond en fait \u00a0\u00e0 des stimulis pour provoquer un comportement donn\u00e9, d\u00e9sir\u00e9 ou non.<\/p>\n<p style=\"text-align: justify;\">Il appartient donc \u00e0 l&rsquo;hypnologue de provoquer le ou les stimulis n\u00e9cessaires \u00e0 l&rsquo;atteinte de votre objectif.<\/p>\n<p>Rudyard Kipling a dit : \u201c<strong>Les\u00a0<em>mots<\/em>\u00a0sont la plus puissante drogue utilis\u00e9e par l&rsquo;humanit\u00e9<\/strong>.\u201d<\/p>\n<p>Aussi pour le paraphraser honteusement: \u201c<strong>j&rsquo;utilise des mots pour vos maux.\u201d<\/strong><\/p>\n<p><img loading=\"lazy\" class=\"size-medium wp-image-862 aligncenter\" src=\"https:\/\/votre-hypno.com\/wp-content\/uploads\/2019\/12\/NGH-International-Member-Logo2-295x300.png\" alt=\"\" width=\"295\" height=\"300\" srcset=\"https:\/\/votre-hypno.com\/wp-content\/uploads\/2019\/12\/NGH-International-Member-Logo2-295x300.png 295w, https:\/\/votre-hypno.com\/wp-content\/uploads\/2019\/12\/NGH-International-Member-Logo2.png 492w\" sizes=\"(max-width: 295px) 100vw, 295px\" \/><\/p>\n<p><a href=\"http:\/\/votre-hypno.com\/index.php\/contact\/\"><img loading=\"lazy\" class=\"aligncenter size-full wp-image-564\" src=\"http:\/\/votre-hypno.com\/wp-content\/uploads\/2018\/01\/bouton-contact.jpg\" alt=\"\" width=\"200\" height=\"43\" \/><\/a><\/p>\n","protected":false},"excerpt":{"rendered":"<p>Bonjour,\u00a0heureux de vous accueillir Ici et Maintenant. Je suis Jean Paul L\u00ea, et j&rsquo;anime le Cabinet d&rsquo;Hypnose du Dauphin\u00e9. De formation technique et commerciale en \u00e9cole ce commerce j&rsquo;effectue un parcours professionnel aux multiples facettes dans des domaines d&rsquo;activit\u00e9 aussi divers que vari\u00e9s avec une constante: la pratique et la transmission des techniques de communication [&hellip;]<\/p>\n","protected":false},"author":3,"featured_media":0,"parent":0,"menu_order":0,"comment_status":"closed","ping_status":"closed","template":"","meta":[],"_links":{"self":[{"href":"https:\/\/votre-hypno.com\/index.php\/wp-json\/wp\/v2\/pages\/97"}],"collection":[{"href":"https:\/\/votre-hypno.com\/index.php\/wp-json\/wp\/v2\/pages"}],"about":[{"href":"https:\/\/votre-hypno.com\/index.php\/wp-json\/wp\/v2\/types\/page"}],"author":[{"embeddable":true,"href":"https:\/\/votre-hypno.com\/index.php\/wp-json\/wp\/v2\/users\/3"}],"replies":[{"embeddable":true,"href":"https:\/\/votre-hypno.com\/index.php\/wp-json\/wp\/v2\/comments?post=97"}],"version-history":[{"count":18,"href":"https:\/\/votre-hypno.com\/index.php\/wp-json\/wp\/v2\/pages\/97\/revisions"}],"predecessor-version":[{"id":890,"href":"https:\/\/votre-hypno.com\/index.php\/wp-json\/wp\/v2\/pages\/97\/revisions\/890"}],"wp:attachment":[{"href":"https:\/\/votre-hypno.com\/index.php\/wp-json\/wp\/v2\/media?parent=97"}],"curies":[{"name":"wp","href":"https:\/\/api.w.org\/{rel}","templated":true}]}}